{"id":84,"date":"2018-04-25T05:13:20","date_gmt":"2018-04-25T05:13:20","guid":{"rendered":"http:\/\/aeroklub.katowice.pl\/?page_id=84"},"modified":"2022-11-11T11:51:35","modified_gmt":"2022-11-11T10:51:35","slug":"o-nas","status":"publish","type":"page","link":"https:\/\/aeroklub.katowice.pl\/?page_id=84","title":{"rendered":"O nas"},"content":{"rendered":"\t\t<div data-elementor-type=\"wp-post\" data-elementor-id=\"84\" class=\"elementor elementor-84\" data-elementor-post-type=\"page\">\n\t\t\t\t\t\t<section class=\"elementor-section elementor-top-section elementor-element elementor-element-1219a9c2 elementor-section-boxed elementor-section-height-default elementor-section-height-default\" data-id=\"1219a9c2\" data-element_type=\"section\" data-settings=\"{&quot;background_background&quot;:&quot;classic&quot;}\">\n\t\t\t\t\t\t<div class=\"elementor-container elementor-column-gap-default\">\n\t\t\t\t\t<div class=\"elementor-column elementor-col-100 elementor-top-column elementor-element elementor-element-5b733927\" data-id=\"5b733927\" data-element_type=\"column\">\n\t\t\t<div class=\"elementor-widget-wrap elementor-element-populated\">\n\t\t\t\t\t\t<div class=\"elementor-element elementor-element-2533ab5 elementor-widget elementor-widget-heading\" data-id=\"2533ab5\" data-element_type=\"widget\" data-widget_type=\"heading.default\">\n\t\t\t\t<div class=\"elementor-widget-container\">\n\t\t\t\t\t<h2 class=\"elementor-heading-title elementor-size-default\">Istniejemy nieprzerwanie od 1931 roku!<\/h2>\t\t\t\t<\/div>\n\t\t\t\t<\/div>\n\t\t\t\t<div class=\"elementor-element elementor-element-4e2eaa59 elementor-widget elementor-widget-text-editor\" data-id=\"4e2eaa59\" data-element_type=\"widget\" data-widget_type=\"text-editor.default\">\n\t\t\t\t<div class=\"elementor-widget-container\">\n\t\t\t\t\t\t\t\t\t<p>Jeste\u015bmy stowarzyszeniem. Zrzeszamy ponad 160 cz\u0142onk\u00f3w, z czego wi\u0119kszo\u015b\u0107 stanowi\u0105 piloci samolotowi i szybowcowi wyszkoleni w naszym o\u015brodku.<\/p>\n<p>Prowadzimy dzia\u0142alno\u015b\u0107 statutow\u0105 w zakresie popularyzacji lotnictwa, modelarstwa lotniczego, sportu lotniczego, szkole\u0144 i treningu dla pilot\u00f3w zrzeszonych w naszym aeroklubie. Jeste\u015bmy r\u00f3wnie\u017c pr\u0119\u017cnie dzia\u0142aj\u0105c\u0105 organizacj\u0105 certyfikowan\u0105 jako:<\/p>\n<p><i class=\"fa fa-check-circle\"><\/i>&nbsp;Organizacja Szkolenia Lotniczego (ATO) szkol\u0105ca pilot\u00f3w samolotowych i szybowcowych,<\/p>\n<p><i class=\"fa fa-check-circle\"><\/i>&nbsp;Przewo\u017anik Lotniczy (AOC) organizuj\u0105cy loty widokowe samolotem i szybowcem,<\/p>\n<p><i class=\"fa fa-check-circle\"><\/i>&nbsp;Organizacja Zarz\u0105dzania Kompleksowej Zdatnosci do Lotu (CAO) w zakresie obs\u0142ugi technicznej szybowc\u00f3w i samolot\u00f3w na potrzeby w\u0142asne oraz innych u\u017cytkownik\u00f3w naszego lotniska.<\/p><p><br><\/p>\t\t\t\t\t\t\t\t<\/div>\n\t\t\t\t<\/div>\n\t\t\t\t\t<\/div>\n\t\t<\/div>\n\t\t\t\t\t<\/div>\n\t\t<\/section>\n\t\t\t\t<section class=\"elementor-section elementor-top-section elementor-element elementor-element-aa318a3 elementor-section-boxed elementor-section-height-default elementor-section-height-default\" data-id=\"aa318a3\" data-element_type=\"section\" data-settings=\"{&quot;background_background&quot;:&quot;classic&quot;}\">\n\t\t\t\t\t\t<div class=\"elementor-container elementor-column-gap-default\">\n\t\t\t\t\t<div class=\"elementor-column elementor-col-20 elementor-top-column elementor-element elementor-element-3f401ca\" data-id=\"3f401ca\" data-element_type=\"column\">\n\t\t\t<div class=\"elementor-widget-wrap elementor-element-populated\">\n\t\t\t\t\t\t<div class=\"elementor-element elementor-element-743e823 elementor-align-center elementor-invisible elementor-widget elementor-widget-button\" data-id=\"743e823\" data-element_type=\"widget\" data-settings=\"{&quot;_animation&quot;:&quot;zoomIn&quot;}\" data-widget_type=\"button.default\">\n\t\t\t\t<div class=\"elementor-widget-container\">\n\t\t\t\t\t\t\t\t\t<div class=\"elementor-button-wrapper\">\n\t\t\t\t\t<a class=\"elementor-button elementor-button-link elementor-size-sm\" href=\"http:\/\/aeroklub.katowice.pl\/?page_id=22\">\n\t\t\t\t\t\t<span class=\"elementor-button-content-wrapper\">\n\t\t\t\t\t\t\t\t\t<span class=\"elementor-button-text\">Wi\u0119cej o dzia\u0142alno\u015bci<\/span>\n\t\t\t\t\t<\/span>\n\t\t\t\t\t<\/a>\n\t\t\t\t<\/div>\n\t\t\t\t\t\t\t\t<\/div>\n\t\t\t\t<\/div>\n\t\t\t\t\t<\/div>\n\t\t<\/div>\n\t\t\t\t<div class=\"elementor-column elementor-col-20 elementor-top-column elementor-element elementor-element-39802b6\" data-id=\"39802b6\" data-element_type=\"column\">\n\t\t\t<div class=\"elementor-widget-wrap elementor-element-populated\">\n\t\t\t\t\t\t<div class=\"elementor-element elementor-element-9d88ea0 elementor-view-default elementor-invisible elementor-widget elementor-widget-icon\" data-id=\"9d88ea0\" data-element_type=\"widget\" data-settings=\"{&quot;_animation&quot;:&quot;zoomIn&quot;}\" data-widget_type=\"icon.default\">\n\t\t\t\t<div class=\"elementor-widget-container\">\n\t\t\t\t\t\t\t<div class=\"elementor-icon-wrapper\">\n\t\t\t<a class=\"elementor-icon\" href=\"https:\/\/www.facebook.com\/aeroklubslaski\" target=\"_blank\">\n\t\t\t<i aria-hidden=\"true\" class=\"fab fa-facebook-f\"><\/i>\t\t\t<\/a>\n\t\t<\/div>\n\t\t\t\t\t\t<\/div>\n\t\t\t\t<\/div>\n\t\t\t\t\t<\/div>\n\t\t<\/div>\n\t\t\t\t<div class=\"elementor-column elementor-col-20 elementor-top-column elementor-element elementor-element-5c2e8b0\" data-id=\"5c2e8b0\" data-element_type=\"column\">\n\t\t\t<div class=\"elementor-widget-wrap elementor-element-populated\">\n\t\t\t\t\t\t<div class=\"elementor-element elementor-element-bd5ecc6 elementor-view-default elementor-invisible elementor-widget elementor-widget-icon\" data-id=\"bd5ecc6\" data-element_type=\"widget\" data-settings=\"{&quot;_animation&quot;:&quot;zoomIn&quot;}\" data-widget_type=\"icon.default\">\n\t\t\t\t<div class=\"elementor-widget-container\">\n\t\t\t\t\t\t\t<div class=\"elementor-icon-wrapper\">\n\t\t\t<a class=\"elementor-icon\" href=\"https:\/\/www.instagram.com\/aeroklub_slaski\/\" target=\"_blank\">\n\t\t\t<i aria-hidden=\"true\" class=\"fab fa-instagram\"><\/i>\t\t\t<\/a>\n\t\t<\/div>\n\t\t\t\t\t\t<\/div>\n\t\t\t\t<\/div>\n\t\t\t\t\t<\/div>\n\t\t<\/div>\n\t\t\t\t<div class=\"elementor-column elementor-col-20 elementor-top-column elementor-element elementor-element-6d3d162\" data-id=\"6d3d162\" data-element_type=\"column\">\n\t\t\t<div class=\"elementor-widget-wrap elementor-element-populated\">\n\t\t\t\t\t\t<div class=\"elementor-element elementor-element-0ade8b5 elementor-view-default elementor-invisible elementor-widget elementor-widget-icon\" data-id=\"0ade8b5\" data-element_type=\"widget\" data-settings=\"{&quot;_animation&quot;:&quot;zoomIn&quot;}\" data-widget_type=\"icon.default\">\n\t\t\t\t<div class=\"elementor-widget-container\">\n\t\t\t\t\t\t\t<div class=\"elementor-icon-wrapper\">\n\t\t\t<a class=\"elementor-icon\" href=\"https:\/\/twitter.com\/aeroklubslaski\" target=\"_blank\">\n\t\t\t<i aria-hidden=\"true\" class=\"fab fa-twitter\"><\/i>\t\t\t<\/a>\n\t\t<\/div>\n\t\t\t\t\t\t<\/div>\n\t\t\t\t<\/div>\n\t\t\t\t\t<\/div>\n\t\t<\/div>\n\t\t\t\t<div class=\"elementor-column elementor-col-20 elementor-top-column elementor-element elementor-element-f373605\" data-id=\"f373605\" data-element_type=\"column\">\n\t\t\t<div class=\"elementor-widget-wrap elementor-element-populated\">\n\t\t\t\t\t\t<div class=\"elementor-element elementor-element-b8294de elementor-view-default elementor-invisible elementor-widget elementor-widget-icon\" data-id=\"b8294de\" data-element_type=\"widget\" data-settings=\"{&quot;_animation&quot;:&quot;zoomIn&quot;}\" data-widget_type=\"icon.default\">\n\t\t\t\t<div class=\"elementor-widget-container\">\n\t\t\t\t\t\t\t<div class=\"elementor-icon-wrapper\">\n\t\t\t<a class=\"elementor-icon\" href=\"https:\/\/www.youtube.com\/channel\/UCrZ-6Ev6L57IJXNha79JAXg\" target=\"_blank\">\n\t\t\t<i aria-hidden=\"true\" class=\"fab fa-youtube\"><\/i>\t\t\t<\/a>\n\t\t<\/div>\n\t\t\t\t\t\t<\/div>\n\t\t\t\t<\/div>\n\t\t\t\t\t<\/div>\n\t\t<\/div>\n\t\t\t\t\t<\/div>\n\t\t<\/section>\n\t\t\t\t<section class=\"elementor-section elementor-top-section elementor-element elementor-element-a25e7eb elementor-section-boxed elementor-section-height-default elementor-section-height-default\" data-id=\"a25e7eb\" data-element_type=\"section\">\n\t\t\t\t\t\t<div class=\"elementor-container elementor-column-gap-default\">\n\t\t\t\t\t<div class=\"elementor-column elementor-col-100 elementor-top-column elementor-element elementor-element-d4ab621\" data-id=\"d4ab621\" data-element_type=\"column\">\n\t\t\t<div class=\"elementor-widget-wrap\">\n\t\t\t\t\t\t\t<\/div>\n\t\t<\/div>\n\t\t\t\t\t<\/div>\n\t\t<\/section>\n\t\t\t\t<\/div>\n\t\t","protected":false},"excerpt":{"rendered":"<p>Istniejemy nieprzerwanie od 1931 roku! Jeste\u015bmy stowarzyszeniem. Zrzeszamy ponad 160 cz\u0142onk\u00f3w, z czego wi\u0119kszo\u015b\u0107 stanowi\u0105 piloci samolotowi i szybowcowi wyszkoleni w naszym o\u015brodku. Prowadzimy dzia\u0142alno\u015b\u0107 statutow\u0105 w zakresie popularyzacji lotnictwa, modelarstwa lotniczego, sportu lotniczego, szkole\u0144 i treningu dla pilot\u00f3w zrzeszonych w naszym aeroklubie. Jeste\u015bmy r\u00f3wnie\u017c pr\u0119\u017cnie dzia\u0142aj\u0105c\u0105 organizacj\u0105 certyfikowan\u0105 jako: &nbsp;Organizacja Szkolenia Lotniczego (ATO) szkol\u0105ca [&hellip;]<\/p>\n","protected":false},"author":1,"featured_media":0,"parent":0,"menu_order":0,"comment_status":"closed","ping_status":"closed","template":"","meta":{"_monsterinsights_skip_tracking":false,"_monsterinsights_sitenote_active":false,"_monsterinsights_sitenote_note":"","_monsterinsights_sitenote_category":0,"footnotes":""},"class_list":["post-84","page","type-page","status-publish","hentry"],"aioseo_notices":[],"_links":{"self":[{"href":"https:\/\/aeroklub.katowice.pl\/index.php?rest_route=\/wp\/v2\/pages\/84","targetHints":{"allow":["GET"]}}],"collection":[{"href":"https:\/\/aeroklub.katowice.pl\/index.php?rest_route=\/wp\/v2\/pages"}],"about":[{"href":"https:\/\/aeroklub.katowice.pl\/index.php?rest_route=\/wp\/v2\/types\/page"}],"author":[{"embeddable":true,"href":"https:\/\/aeroklub.katowice.pl\/index.php?rest_route=\/wp\/v2\/users\/1"}],"replies":[{"embeddable":true,"href":"https:\/\/aeroklub.katowice.pl\/index.php?rest_route=%2Fwp%2Fv2%2Fcomments&post=84"}],"version-history":[{"count":60,"href":"https:\/\/aeroklub.katowice.pl\/index.php?rest_route=\/wp\/v2\/pages\/84\/revisions"}],"predecessor-version":[{"id":1788,"href":"https:\/\/aeroklub.katowice.pl\/index.php?rest_route=\/wp\/v2\/pages\/84\/revisions\/1788"}],"wp:attachment":[{"href":"https:\/\/aeroklub.katowice.pl\/index.php?rest_route=%2Fwp%2Fv2%2Fmedia&parent=84"}],"curies":[{"name":"wp","href":"https:\/\/api.w.org\/{rel}","templated":true}]}}